{"id":133,"date":"2020-09-28T21:32:38","date_gmt":"2020-09-28T21:32:38","guid":{"rendered":"https:\/\/newsroom.wordifysites.com\/?page_id=133"},"modified":"2026-01-04T18:07:32","modified_gmt":"2026-01-04T18:07:32","slug":"home","status":"publish","type":"page","link":"https:\/\/homaroc.com\/ar\/","title":{"rendered":"Accueil"},"content":{"rendered":"<section class=\"gb-element-3250e231\">\n<h2 class=\"gb-text-f4a49a81\"><span class=\"gb-shape\"><svg fill=\"CurrentColor\" xmlns=\"http:\/\/www.w3.org\/2000\/svg\" viewbox=\"0 0 48 48\"><path d=\"M0 0h48v48H0V0z\"><\/path><path d=\"M7.981 40.019h32.038V7.981H7.981v32.038z\"><\/path><\/svg><\/span><span class=\"gb-text\">LIFESTYLE<\/span><\/h2>\n\n\n\n<div><div class=\"gb-looper-d6bb9a8a\">\n<article class=\"gb-loop-item gb-loop-item-e5bd0c3a post-2459 post type-post status-publish format-standard has-post-thumbnail hentry category-artisanat-marocain resize-featured-image\">\n<div class=\"gb-element-669d2e52\">\n<a href=\"https:\/\/homaroc.com\/ar\/artisanat-marocain\/\"><img loading=\"lazy\" decoding=\"async\" width=\"1024\" height=\"679\" alt=\"Grab my hand\" data-media-id=\"289\" class=\"gb-media-971cb71d\" src=\"https:\/\/homaroc.com\/wp-content\/uploads\/2020\/09\/grab-my-hand-1024x679.jpg\" srcset=\"https:\/\/homaroc.com\/wp-content\/uploads\/2020\/09\/grab-my-hand-1024x679.jpg 1024w, https:\/\/homaroc.com\/wp-content\/uploads\/2020\/09\/grab-my-hand-300x199.jpg 300w, https:\/\/homaroc.com\/wp-content\/uploads\/2020\/09\/grab-my-hand-768x509.jpg 768w, https:\/\/homaroc.com\/wp-content\/uploads\/2020\/09\/grab-my-hand.jpg 1240w\" sizes=\"auto, (max-width: 1024px) 100vw, 1024px\" \/><\/a>\n<\/div>\n\n\n\n<div class=\"gb-element-e1788698\">\n<h3 class=\"gb-text gb-text-220286ee\">L\u2019artisanat marocain : histoire, m\u00e9tiers et savoir-faire<\/h3>\n\n\n\n<p class=\"gb-text-a459eafa\"><span class=\"gb-shape\"><svg aria-hidden=\"true\" role=\"img\" height=\"1em\" width=\"1em\" viewbox=\"0 0 448 512\" xmlns=\"http:\/\/www.w3.org\/2000\/svg\"><path fill=\"currentColor\" d=\"M148 288h-40c-6.6 0-12-5.4-12-12v-40c0-6.6 5.4-12 12-12h40c6.6 0 12 5.4 12 12v40c0 6.6-5.4 12-12 12zm108-12v-40c0-6.6-5.4-12-12-12h-40c-6.6 0-12 5.4-12 12v40c0 6.6 5.4 12 12 12h40c6.6 0 12-5.4 12-12zm96 0v-40c0-6.6-5.4-12-12-12h-40c-6.6 0-12 5.4-12 12v40c0 6.6 5.4 12 12 12h40c6.6 0 12-5.4 12-12zm-96 96v-40c0-6.6-5.4-12-12-12h-40c-6.6 0-12 5.4-12 12v40c0 6.6 5.4 12 12 12h40c6.6 0 12-5.4 12-12zm-96 0v-40c0-6.6-5.4-12-12-12h-40c-6.6 0-12 5.4-12 12v40c0 6.6 5.4 12 12 12h40c6.6 0 12-5.4 12-12zm192 0v-40c0-6.6-5.4-12-12-12h-40c-6.6 0-12 5.4-12 12v40c0 6.6 5.4 12 12 12h40c6.6 0 12-5.4 12-12zm96-260v352c0 26.5-21.5 48-48 48H48c-26.5 0-48-21.5-48-48V112c0-26.5 21.5-48 48-48h48V12c0-6.6 5.4-12 12-12h40c6.6 0 12 5.4 12 12v52h128V12c0-6.6 5.4-12 12-12h40c6.6 0 12 5.4 12 12v52h48c26.5 0 48 21.5 48 48zm-48 346V160H48v298c0 3.3 2.7 6 6 6h340c3.3 0 6-2.7 6-6z\"><\/path><\/svg><\/span><span class=\"gb-text\">\u0623\u063a\u0633\u0637\u0633 30, 2022<\/span><\/p>\n\n\n\n<p class=\"gb-text gb-text-92910bdc\">D\u00e9couvrez l\u2019artisanat marocain : son histoire, ses m\u00e9tiers traditionnels, ses r\u00e9gions et son r\u00f4le dans la culture et la maison marocaine.<\/p>\n\n\n\n<a class=\"gb-text gb-text-c74e8080\">Read more<\/a>\n<\/div>\n<\/article>\n\n<article class=\"gb-loop-item gb-loop-item-e5bd0c3a post-2503 post type-post status-publish format-standard has-post-thumbnail hentry category-artisanat-marocain resize-featured-image\">\n<div class=\"gb-element-669d2e52\">\n<a href=\"https:\/\/homaroc.com\/ar\/artisanat-marocain-regions\/\"><img loading=\"lazy\" decoding=\"async\" width=\"1024\" height=\"789\" alt=\"Van on sunset\" data-media-id=\"336\" class=\"gb-media-971cb71d\" src=\"https:\/\/homaroc.com\/wp-content\/uploads\/2020\/09\/van-on-sunset-1024x789.jpg\" srcset=\"https:\/\/homaroc.com\/wp-content\/uploads\/2020\/09\/van-on-sunset-1024x789.jpg 1024w, https:\/\/homaroc.com\/wp-content\/uploads\/2020\/09\/van-on-sunset-300x231.jpg 300w, https:\/\/homaroc.com\/wp-content\/uploads\/2020\/09\/van-on-sunset-768x591.jpg 768w, https:\/\/homaroc.com\/wp-content\/uploads\/2020\/09\/van-on-sunset.jpg 1240w\" sizes=\"auto, (max-width: 1024px) 100vw, 1024px\" \/><\/a>\n<\/div>\n\n\n\n<div class=\"gb-element-e1788698\">\n<h3 class=\"gb-text gb-text-220286ee\">Artisanat marocain et r\u00e9gions : F\u00e8s, Marrakech et le Sud<\/h3>\n\n\n\n<p class=\"gb-text-a459eafa\"><span class=\"gb-shape\"><svg aria-hidden=\"true\" role=\"img\" height=\"1em\" width=\"1em\" viewbox=\"0 0 448 512\" xmlns=\"http:\/\/www.w3.org\/2000\/svg\"><path fill=\"currentColor\" d=\"M148 288h-40c-6.6 0-12-5.4-12-12v-40c0-6.6 5.4-12 12-12h40c6.6 0 12 5.4 12 12v40c0 6.6-5.4 12-12 12zm108-12v-40c0-6.6-5.4-12-12-12h-40c-6.6 0-12 5.4-12 12v40c0 6.6 5.4 12 12 12h40c6.6 0 12-5.4 12-12zm96 0v-40c0-6.6-5.4-12-12-12h-40c-6.6 0-12 5.4-12 12v40c0 6.6 5.4 12 12 12h40c6.6 0 12-5.4 12-12zm-96 96v-40c0-6.6-5.4-12-12-12h-40c-6.6 0-12 5.4-12 12v40c0 6.6 5.4 12 12 12h40c6.6 0 12-5.4 12-12zm-96 0v-40c0-6.6-5.4-12-12-12h-40c-6.6 0-12 5.4-12 12v40c0 6.6 5.4 12 12 12h40c6.6 0 12-5.4 12-12zm192 0v-40c0-6.6-5.4-12-12-12h-40c-6.6 0-12 5.4-12 12v40c0 6.6 5.4 12 12 12h40c6.6 0 12-5.4 12-12zm96-260v352c0 26.5-21.5 48-48 48H48c-26.5 0-48-21.5-48-48V112c0-26.5 21.5-48 48-48h48V12c0-6.6 5.4-12 12-12h40c6.6 0 12 5.4 12 12v52h128V12c0-6.6 5.4-12 12-12h40c6.6 0 12 5.4 12 12v52h48c26.5 0 48 21.5 48 48zm-48 346V160H48v298c0 3.3 2.7 6 6 6h340c3.3 0 6-2.7 6-6z\"><\/path><\/svg><\/span><span class=\"gb-text\">\u0623\u0628\u0631\u064a\u0644 2, 2022<\/span><\/p>\n\n\n\n<p class=\"gb-text gb-text-92910bdc\">Introduction L\u2019artisanat marocain est \u00e9troitement li\u00e9 aux r\u00e9gions du pays. Chaque ville et chaque zone g\u00e9ographique poss\u00e8de ses propres sp\u00e9cialit\u00e9s, techniques et styles, fa\u00e7onn\u00e9s par<\/p>\n\n\n\n<a class=\"gb-text gb-text-c74e8080\">Read more<\/a>\n<\/div>\n<\/article>\n\n<article class=\"gb-loop-item gb-loop-item-e5bd0c3a post-2520 post type-post status-publish format-standard hentry category-artisanat-marocain\">\n<div class=\"gb-element-669d2e52\"><\/div>\n\n\n\n<div class=\"gb-element-e1788698\">\n<h3 class=\"gb-text gb-text-220286ee\">Artisanat marocain : entre tradition et modernit\u00e9<\/h3>\n\n\n\n<p class=\"gb-text-a459eafa\"><span class=\"gb-shape\"><svg aria-hidden=\"true\" role=\"img\" height=\"1em\" width=\"1em\" viewbox=\"0 0 448 512\" xmlns=\"http:\/\/www.w3.org\/2000\/svg\"><path fill=\"currentColor\" d=\"M148 288h-40c-6.6 0-12-5.4-12-12v-40c0-6.6 5.4-12 12-12h40c6.6 0 12 5.4 12 12v40c0 6.6-5.4 12-12 12zm108-12v-40c0-6.6-5.4-12-12-12h-40c-6.6 0-12 5.4-12 12v40c0 6.6 5.4 12 12 12h40c6.6 0 12-5.4 12-12zm96 0v-40c0-6.6-5.4-12-12-12h-40c-6.6 0-12 5.4-12 12v40c0 6.6 5.4 12 12 12h40c6.6 0 12-5.4 12-12zm-96 96v-40c0-6.6-5.4-12-12-12h-40c-6.6 0-12 5.4-12 12v40c0 6.6 5.4 12 12 12h40c6.6 0 12-5.4 12-12zm-96 0v-40c0-6.6-5.4-12-12-12h-40c-6.6 0-12 5.4-12 12v40c0 6.6 5.4 12 12 12h40c6.6 0 12-5.4 12-12zm192 0v-40c0-6.6-5.4-12-12-12h-40c-6.6 0-12 5.4-12 12v40c0 6.6 5.4 12 12 12h40c6.6 0 12-5.4 12-12zm96-260v352c0 26.5-21.5 48-48 48H48c-26.5 0-48-21.5-48-48V112c0-26.5 21.5-48 48-48h48V12c0-6.6 5.4-12 12-12h40c6.6 0 12 5.4 12 12v52h128V12c0-6.6 5.4-12 12-12h40c6.6 0 12 5.4 12 12v52h48c26.5 0 48 21.5 48 48zm-48 346V160H48v298c0 3.3 2.7 6 6 6h340c3.3 0 6-2.7 6-6z\"><\/path><\/svg><\/span><span class=\"gb-text\">\u0646\u0648\u0641\u0645\u0628\u0631 29, 2020<\/span><\/p>\n\n\n\n<p class=\"gb-text gb-text-92910bdc\">Introduction L\u2019artisanat marocain est souvent associ\u00e9 aux traditions anciennes et aux savoir-faire h\u00e9rit\u00e9s du pass\u00e9. Pourtant, il ne s\u2019agit pas d\u2019un patrimoine fig\u00e9. Aujourd\u2019hui, l\u2019artisanat<\/p>\n\n\n\n<a class=\"gb-text gb-text-c74e8080\">Read more<\/a>\n<\/div>\n<\/article>\n<\/div><\/div>\n<\/section>\n\n\n\n<section class=\"gb-element-7a9b9c7f\">\n<h2 class=\"gb-text-15490137\"><span class=\"gb-shape\"><svg fill=\"CurrentColor\" xmlns=\"http:\/\/www.w3.org\/2000\/svg\" viewbox=\"0 0 48 48\"><path d=\"M0 0h48v48H0V0z\"><\/path><path d=\"M7.981 40.019h32.038V7.981H7.981v32.038z\"><\/path><\/svg><\/span><span class=\"gb-text\">Entertainment<\/span><\/h2>\n\n\n\n<div><div class=\"gb-looper-d90e9fbb\">\n<article class=\"gb-loop-item gb-loop-item-c2e9e267 post-2459 post type-post status-publish format-standard has-post-thumbnail hentry category-artisanat-marocain resize-featured-image\">\n<a href=\"https:\/\/homaroc.com\/ar\/artisanat-marocain\/\"><img loading=\"lazy\" decoding=\"async\" width=\"1024\" height=\"679\" alt=\"Grab my hand\" data-media-id=\"289\" class=\"gb-media-21148c5c\" src=\"https:\/\/homaroc.com\/wp-content\/uploads\/2020\/09\/grab-my-hand-1024x679.jpg\" srcset=\"https:\/\/homaroc.com\/wp-content\/uploads\/2020\/09\/grab-my-hand-1024x679.jpg 1024w, https:\/\/homaroc.com\/wp-content\/uploads\/2020\/09\/grab-my-hand-300x199.jpg 300w, https:\/\/homaroc.com\/wp-content\/uploads\/2020\/09\/grab-my-hand-768x509.jpg 768w, https:\/\/homaroc.com\/wp-content\/uploads\/2020\/09\/grab-my-hand.jpg 1240w\" sizes=\"auto, (max-width: 1024px) 100vw, 1024px\" \/><\/a>\n\n\n\n<h3 class=\"gb-text gb-text-3dad5d94\"><a href=\"https:\/\/homaroc.com\/ar\/artisanat-marocain\/\">L\u2019artisanat marocain : histoire, m\u00e9tiers et savoir-faire<\/a><\/h3>\n\n\n<div class=\"gb-container gb-container-eb05656c\">\n\n<p class=\"gb-text-9f5ce374\"><span class=\"gb-shape\"><svg xmlns=\"http:\/\/www.w3.org\/2000\/svg\" viewbox=\"0 0 18 20\"><path fill=\"CurrentColor\" d=\"M18 19a1 1 0 0 1-2 0v-2a3 3 0 0 0-3-3H5a3 3 0 0 0-3 3v2a1 1 0 0 1-2 0v-2a5 5 0 0 1 5-5h8a5 5 0 0 1 5 5v2Zm-9-9A5 5 0 1 1 9 0a5 5 0 0 1 0 10Zm0-2a3 3 0 1 0 0-6 3 3 0 0 0 0 6Z\"><\/path><\/svg><\/span><span class=\"gb-text\">Nounes<\/span><\/p>\n\n\n\n<p class=\"gb-text-8c75bb6a\"><span class=\"gb-shape\"><svg xmlns=\"http:\/\/www.w3.org\/2000\/svg\" viewbox=\"0 0 448 512\" width=\"1em\" height=\"1em\" aria-hidden=\"true\"><path d=\"M148 288h-40c-6.6 0-12-5.4-12-12v-40c0-6.6 5.4-12 12-12h40c6.6 0 12 5.4 12 12v40c0 6.6-5.4 12-12 12zm108-12v-40c0-6.6-5.4-12-12-12h-40c-6.6 0-12 5.4-12 12v40c0 6.6 5.4 12 12 12h40c6.6 0 12-5.4 12-12zm96 0v-40c0-6.6-5.4-12-12-12h-40c-6.6 0-12 5.4-12 12v40c0 6.6 5.4 12 12 12h40c6.6 0 12-5.4 12-12zm-96 96v-40c0-6.6-5.4-12-12-12h-40c-6.6 0-12 5.4-12 12v40c0 6.6 5.4 12 12 12h40c6.6 0 12-5.4 12-12zm-96 0v-40c0-6.6-5.4-12-12-12h-40c-6.6 0-12 5.4-12 12v40c0 6.6 5.4 12 12 12h40c6.6 0 12-5.4 12-12zm192 0v-40c0-6.6-5.4-12-12-12h-40c-6.6 0-12 5.4-12 12v40c0 6.6 5.4 12 12 12h40c6.6 0 12-5.4 12-12zm96-260v352c0 26.5-21.5 48-48 48H48c-26.5 0-48-21.5-48-48V112c0-26.5 21.5-48 48-48h48V12c0-6.6 5.4-12 12-12h40c6.6 0 12 5.4 12 12v52h128V12c0-6.6 5.4-12 12-12h40c6.6 0 12 5.4 12 12v52h48c26.5 0 48 21.5 48 48zm-48 346V160H48v298c0 3.3 2.7 6 6 6h340c3.3 0 6-2.7 6-6z\" fill=\"currentColor\"><\/path><\/svg><\/span><span class=\"gb-text\">\u0623\u063a\u0633\u0637\u0633 30, 2022<\/span><\/p>\n\n<\/div><\/article>\n\n<article class=\"gb-loop-item gb-loop-item-c2e9e267 post-2503 post type-post status-publish format-standard has-post-thumbnail hentry category-artisanat-marocain resize-featured-image\">\n<a href=\"https:\/\/homaroc.com\/ar\/artisanat-marocain-regions\/\"><img loading=\"lazy\" decoding=\"async\" width=\"1024\" height=\"789\" alt=\"Van on sunset\" data-media-id=\"336\" class=\"gb-media-21148c5c\" src=\"https:\/\/homaroc.com\/wp-content\/uploads\/2020\/09\/van-on-sunset-1024x789.jpg\" srcset=\"https:\/\/homaroc.com\/wp-content\/uploads\/2020\/09\/van-on-sunset-1024x789.jpg 1024w, https:\/\/homaroc.com\/wp-content\/uploads\/2020\/09\/van-on-sunset-300x231.jpg 300w, https:\/\/homaroc.com\/wp-content\/uploads\/2020\/09\/van-on-sunset-768x591.jpg 768w, https:\/\/homaroc.com\/wp-content\/uploads\/2020\/09\/van-on-sunset.jpg 1240w\" sizes=\"auto, (max-width: 1024px) 100vw, 1024px\" \/><\/a>\n\n\n\n<h3 class=\"gb-text gb-text-3dad5d94\"><a href=\"https:\/\/homaroc.com\/ar\/artisanat-marocain-regions\/\">Artisanat marocain et r\u00e9gions : F\u00e8s, Marrakech et le Sud<\/a><\/h3>\n\n\n<div class=\"gb-container gb-container-eb05656c\">\n\n<p class=\"gb-text-9f5ce374\"><span class=\"gb-shape\"><svg xmlns=\"http:\/\/www.w3.org\/2000\/svg\" viewbox=\"0 0 18 20\"><path fill=\"CurrentColor\" d=\"M18 19a1 1 0 0 1-2 0v-2a3 3 0 0 0-3-3H5a3 3 0 0 0-3 3v2a1 1 0 0 1-2 0v-2a5 5 0 0 1 5-5h8a5 5 0 0 1 5 5v2Zm-9-9A5 5 0 1 1 9 0a5 5 0 0 1 0 10Zm0-2a3 3 0 1 0 0-6 3 3 0 0 0 0 6Z\"><\/path><\/svg><\/span><span class=\"gb-text\">Khales<\/span><\/p>\n\n\n\n<p class=\"gb-text-8c75bb6a\"><span class=\"gb-shape\"><svg xmlns=\"http:\/\/www.w3.org\/2000\/svg\" viewbox=\"0 0 448 512\" width=\"1em\" height=\"1em\" aria-hidden=\"true\"><path d=\"M148 288h-40c-6.6 0-12-5.4-12-12v-40c0-6.6 5.4-12 12-12h40c6.6 0 12 5.4 12 12v40c0 6.6-5.4 12-12 12zm108-12v-40c0-6.6-5.4-12-12-12h-40c-6.6 0-12 5.4-12 12v40c0 6.6 5.4 12 12 12h40c6.6 0 12-5.4 12-12zm96 0v-40c0-6.6-5.4-12-12-12h-40c-6.6 0-12 5.4-12 12v40c0 6.6 5.4 12 12 12h40c6.6 0 12-5.4 12-12zm-96 96v-40c0-6.6-5.4-12-12-12h-40c-6.6 0-12 5.4-12 12v40c0 6.6 5.4 12 12 12h40c6.6 0 12-5.4 12-12zm-96 0v-40c0-6.6-5.4-12-12-12h-40c-6.6 0-12 5.4-12 12v40c0 6.6 5.4 12 12 12h40c6.6 0 12-5.4 12-12zm192 0v-40c0-6.6-5.4-12-12-12h-40c-6.6 0-12 5.4-12 12v40c0 6.6 5.4 12 12 12h40c6.6 0 12-5.4 12-12zm96-260v352c0 26.5-21.5 48-48 48H48c-26.5 0-48-21.5-48-48V112c0-26.5 21.5-48 48-48h48V12c0-6.6 5.4-12 12-12h40c6.6 0 12 5.4 12 12v52h128V12c0-6.6 5.4-12 12-12h40c6.6 0 12 5.4 12 12v52h48c26.5 0 48 21.5 48 48zm-48 346V160H48v298c0 3.3 2.7 6 6 6h340c3.3 0 6-2.7 6-6z\" fill=\"currentColor\"><\/path><\/svg><\/span><span class=\"gb-text\">\u0623\u0628\u0631\u064a\u0644 2, 2022<\/span><\/p>\n\n<\/div><\/article>\n\n<article class=\"gb-loop-item gb-loop-item-c2e9e267 post-2520 post type-post status-publish format-standard hentry category-artisanat-marocain\">\n\n\n<h3 class=\"gb-text gb-text-3dad5d94\"><a href=\"https:\/\/homaroc.com\/ar\/artisanat-marocain-tradition-modernite\/\">Artisanat marocain : entre tradition et modernit\u00e9<\/a><\/h3>\n\n\n<div class=\"gb-container gb-container-eb05656c\">\n\n<p class=\"gb-text-9f5ce374\"><span class=\"gb-shape\"><svg xmlns=\"http:\/\/www.w3.org\/2000\/svg\" viewbox=\"0 0 18 20\"><path fill=\"CurrentColor\" d=\"M18 19a1 1 0 0 1-2 0v-2a3 3 0 0 0-3-3H5a3 3 0 0 0-3 3v2a1 1 0 0 1-2 0v-2a5 5 0 0 1 5-5h8a5 5 0 0 1 5 5v2Zm-9-9A5 5 0 1 1 9 0a5 5 0 0 1 0 10Zm0-2a3 3 0 1 0 0-6 3 3 0 0 0 0 6Z\"><\/path><\/svg><\/span><span class=\"gb-text\">Khales<\/span><\/p>\n\n\n\n<p class=\"gb-text-8c75bb6a\"><span class=\"gb-shape\"><svg xmlns=\"http:\/\/www.w3.org\/2000\/svg\" viewbox=\"0 0 448 512\" width=\"1em\" height=\"1em\" aria-hidden=\"true\"><path d=\"M148 288h-40c-6.6 0-12-5.4-12-12v-40c0-6.6 5.4-12 12-12h40c6.6 0 12 5.4 12 12v40c0 6.6-5.4 12-12 12zm108-12v-40c0-6.6-5.4-12-12-12h-40c-6.6 0-12 5.4-12 12v40c0 6.6 5.4 12 12 12h40c6.6 0 12-5.4 12-12zm96 0v-40c0-6.6-5.4-12-12-12h-40c-6.6 0-12 5.4-12 12v40c0 6.6 5.4 12 12 12h40c6.6 0 12-5.4 12-12zm-96 96v-40c0-6.6-5.4-12-12-12h-40c-6.6 0-12 5.4-12 12v40c0 6.6 5.4 12 12 12h40c6.6 0 12-5.4 12-12zm-96 0v-40c0-6.6-5.4-12-12-12h-40c-6.6 0-12 5.4-12 12v40c0 6.6 5.4 12 12 12h40c6.6 0 12-5.4 12-12zm192 0v-40c0-6.6-5.4-12-12-12h-40c-6.6 0-12 5.4-12 12v40c0 6.6 5.4 12 12 12h40c6.6 0 12-5.4 12-12zm96-260v352c0 26.5-21.5 48-48 48H48c-26.5 0-48-21.5-48-48V112c0-26.5 21.5-48 48-48h48V12c0-6.6 5.4-12 12-12h40c6.6 0 12 5.4 12 12v52h128V12c0-6.6 5.4-12 12-12h40c6.6 0 12 5.4 12 12v52h48c26.5 0 48 21.5 48 48zm-48 346V160H48v298c0 3.3 2.7 6 6 6h340c3.3 0 6-2.7 6-6z\" fill=\"currentColor\"><\/path><\/svg><\/span><span class=\"gb-text\">\u0646\u0648\u0641\u0645\u0628\u0631 29, 2020<\/span><\/p>\n\n<\/div><\/article>\n<\/div><\/div>\n<\/section>\n\n\n\n<section class=\"gb-element-3b963029\">\n<h2 class=\"gb-text-f1b73c05\"><span class=\"gb-shape\"><svg fill=\"CurrentColor\" xmlns=\"http:\/\/www.w3.org\/2000\/svg\" viewbox=\"0 0 48 48\"><path d=\"M0 0h48v48H0V0z\"><\/path><path d=\"M7.981 40.019h32.038V7.981H7.981v32.038z\"><\/path><\/svg><\/span><span class=\"gb-text\">Community<\/span><\/h2>\n\n\n\n<div class=\"gb-element-75dec842\">\n<div class=\"gb-element-ef734978\">\n<div><div class=\"gb-looper-4e235493\">\n<article class=\"gb-loop-item gb-loop-item-29b5adae post-2459 post type-post status-publish format-standard has-post-thumbnail hentry category-artisanat-marocain resize-featured-image\">\n<a href=\"https:\/\/homaroc.com\/ar\/artisanat-marocain\/\"><img loading=\"lazy\" decoding=\"async\" width=\"1024\" height=\"679\" alt=\"Grab my hand\" data-media-id=\"289\" class=\"gb-media-36bc205c\" src=\"https:\/\/homaroc.com\/wp-content\/uploads\/2020\/09\/grab-my-hand-1024x679.jpg\" srcset=\"https:\/\/homaroc.com\/wp-content\/uploads\/2020\/09\/grab-my-hand-1024x679.jpg 1024w, https:\/\/homaroc.com\/wp-content\/uploads\/2020\/09\/grab-my-hand-300x199.jpg 300w, https:\/\/homaroc.com\/wp-content\/uploads\/2020\/09\/grab-my-hand-768x509.jpg 768w, https:\/\/homaroc.com\/wp-content\/uploads\/2020\/09\/grab-my-hand.jpg 1240w\" sizes=\"auto, (max-width: 1024px) 100vw, 1024px\" \/><\/a>\n\n\n\n<h3 class=\"gb-text gb-text-1fb00550\"><a href=\"https:\/\/homaroc.com\/ar\/artisanat-marocain\/\">L\u2019artisanat marocain : histoire, m\u00e9tiers et savoir-faire<\/a><\/h3>\n\n\n<div class=\"gb-container gb-container-4a6f28b0\">\n\n<p class=\"gb-text-b195ac48\"><span class=\"gb-shape\"><svg xmlns=\"http:\/\/www.w3.org\/2000\/svg\" viewbox=\"0 0 18 20\"><path fill=\"CurrentColor\" d=\"M18 19a1 1 0 0 1-2 0v-2a3 3 0 0 0-3-3H5a3 3 0 0 0-3 3v2a1 1 0 0 1-2 0v-2a5 5 0 0 1 5-5h8a5 5 0 0 1 5 5v2Zm-9-9A5 5 0 1 1 9 0a5 5 0 0 1 0 10Zm0-2a3 3 0 1 0 0-6 3 3 0 0 0 0 6Z\"><\/path><\/svg><\/span><span class=\"gb-text\">Nounes<\/span><\/p>\n\n\n\n<p class=\"gb-text-18ba9612\"><span class=\"gb-shape\"><svg xmlns=\"http:\/\/www.w3.org\/2000\/svg\" viewbox=\"0 0 448 512\" width=\"1em\" height=\"1em\" aria-hidden=\"true\"><path d=\"M148 288h-40c-6.6 0-12-5.4-12-12v-40c0-6.6 5.4-12 12-12h40c6.6 0 12 5.4 12 12v40c0 6.6-5.4 12-12 12zm108-12v-40c0-6.6-5.4-12-12-12h-40c-6.6 0-12 5.4-12 12v40c0 6.6 5.4 12 12 12h40c6.6 0 12-5.4 12-12zm96 0v-40c0-6.6-5.4-12-12-12h-40c-6.6 0-12 5.4-12 12v40c0 6.6 5.4 12 12 12h40c6.6 0 12-5.4 12-12zm-96 96v-40c0-6.6-5.4-12-12-12h-40c-6.6 0-12 5.4-12 12v40c0 6.6 5.4 12 12 12h40c6.6 0 12-5.4 12-12zm-96 0v-40c0-6.6-5.4-12-12-12h-40c-6.6 0-12 5.4-12 12v40c0 6.6 5.4 12 12 12h40c6.6 0 12-5.4 12-12zm192 0v-40c0-6.6-5.4-12-12-12h-40c-6.6 0-12 5.4-12 12v40c0 6.6 5.4 12 12 12h40c6.6 0 12-5.4 12-12zm96-260v352c0 26.5-21.5 48-48 48H48c-26.5 0-48-21.5-48-48V112c0-26.5 21.5-48 48-48h48V12c0-6.6 5.4-12 12-12h40c6.6 0 12 5.4 12 12v52h128V12c0-6.6 5.4-12 12-12h40c6.6 0 12 5.4 12 12v52h48c26.5 0 48 21.5 48 48zm-48 346V160H48v298c0 3.3 2.7 6 6 6h340c3.3 0 6-2.7 6-6z\" fill=\"currentColor\"><\/path><\/svg><\/span><span class=\"gb-text\">\u0623\u063a\u0633\u0637\u0633 30, 2022<\/span><\/p>\n\n<\/div>\n\n\n<p class=\"gb-text gb-text-ed755071\">D\u00e9couvrez l\u2019artisanat marocain : son histoire, ses m\u00e9tiers traditionnels, ses r\u00e9gions et son r\u00f4le dans la culture et la maison marocaine.<\/p>\n<\/article>\n<\/div><\/div>\n<\/div>\n\n\n\n<div class=\"gb-element-e030b525\">\n<div><div class=\"gb-looper-6e872b82\">\n<div class=\"gb-loop-item gb-loop-item-3ec2905c post-2503 post type-post status-publish format-standard has-post-thumbnail hentry category-artisanat-marocain resize-featured-image\">\n<div class=\"gb-element-c3551100\">\n<a href=\"https:\/\/homaroc.com\/ar\/artisanat-marocain-regions\/\"><img loading=\"lazy\" decoding=\"async\" width=\"150\" height=\"150\" alt=\"Van on sunset\" data-media-id=\"336\" class=\"gb-media-f275b020\" src=\"https:\/\/homaroc.com\/wp-content\/uploads\/2020\/09\/van-on-sunset-150x150.jpg\"\/><\/a>\n<\/div>\n\n\n\n<div class=\"gb-element-40730666\">\n<h4 class=\"gb-text gb-text-c4e85daa\"><a href=\"https:\/\/homaroc.com\/ar\/artisanat-marocain-regions\/\">Artisanat marocain et r\u00e9gions : F\u00e8s, Marrakech et le Sud<\/a><\/h4>\n\n\n\n<p class=\"gb-text-636af6f6\"><span class=\"gb-shape\"><svg aria-hidden=\"true\" role=\"img\" height=\"1em\" width=\"1em\" viewbox=\"0 0 448 512\" xmlns=\"http:\/\/www.w3.org\/2000\/svg\"><path fill=\"currentColor\" d=\"M148 288h-40c-6.6 0-12-5.4-12-12v-40c0-6.6 5.4-12 12-12h40c6.6 0 12 5.4 12 12v40c0 6.6-5.4 12-12 12zm108-12v-40c0-6.6-5.4-12-12-12h-40c-6.6 0-12 5.4-12 12v40c0 6.6 5.4 12 12 12h40c6.6 0 12-5.4 12-12zm96 0v-40c0-6.6-5.4-12-12-12h-40c-6.6 0-12 5.4-12 12v40c0 6.6 5.4 12 12 12h40c6.6 0 12-5.4 12-12zm-96 96v-40c0-6.6-5.4-12-12-12h-40c-6.6 0-12 5.4-12 12v40c0 6.6 5.4 12 12 12h40c6.6 0 12-5.4 12-12zm-96 0v-40c0-6.6-5.4-12-12-12h-40c-6.6 0-12 5.4-12 12v40c0 6.6 5.4 12 12 12h40c6.6 0 12-5.4 12-12zm192 0v-40c0-6.6-5.4-12-12-12h-40c-6.6 0-12 5.4-12 12v40c0 6.6 5.4 12 12 12h40c6.6 0 12-5.4 12-12zm96-260v352c0 26.5-21.5 48-48 48H48c-26.5 0-48-21.5-48-48V112c0-26.5 21.5-48 48-48h48V12c0-6.6 5.4-12 12-12h40c6.6 0 12 5.4 12 12v52h128V12c0-6.6 5.4-12 12-12h40c6.6 0 12 5.4 12 12v52h48c26.5 0 48 21.5 48 48zm-48 346V160H48v298c0 3.3 2.7 6 6 6h340c3.3 0 6-2.7 6-6z\"><\/path><\/svg><\/span><span class=\"gb-text\">\u0623\u0628\u0631\u064a\u0644 2, 2022<\/span><\/p>\n<\/div>\n<\/div>\n\n<div class=\"gb-loop-item gb-loop-item-3ec2905c post-2520 post type-post status-publish format-standard hentry category-artisanat-marocain\">\n<div class=\"gb-element-c3551100\"><\/div>\n\n\n\n<div class=\"gb-element-40730666\">\n<h4 class=\"gb-text gb-text-c4e85daa\"><a href=\"https:\/\/homaroc.com\/ar\/artisanat-marocain-tradition-modernite\/\">Artisanat marocain : entre tradition et modernit\u00e9<\/a><\/h4>\n\n\n\n<p class=\"gb-text-636af6f6\"><span class=\"gb-shape\"><svg aria-hidden=\"true\" role=\"img\" height=\"1em\" width=\"1em\" viewbox=\"0 0 448 512\" xmlns=\"http:\/\/www.w3.org\/2000\/svg\"><path fill=\"currentColor\" d=\"M148 288h-40c-6.6 0-12-5.4-12-12v-40c0-6.6 5.4-12 12-12h40c6.6 0 12 5.4 12 12v40c0 6.6-5.4 12-12 12zm108-12v-40c0-6.6-5.4-12-12-12h-40c-6.6 0-12 5.4-12 12v40c0 6.6 5.4 12 12 12h40c6.6 0 12-5.4 12-12zm96 0v-40c0-6.6-5.4-12-12-12h-40c-6.6 0-12 5.4-12 12v40c0 6.6 5.4 12 12 12h40c6.6 0 12-5.4 12-12zm-96 96v-40c0-6.6-5.4-12-12-12h-40c-6.6 0-12 5.4-12 12v40c0 6.6 5.4 12 12 12h40c6.6 0 12-5.4 12-12zm-96 0v-40c0-6.6-5.4-12-12-12h-40c-6.6 0-12 5.4-12 12v40c0 6.6 5.4 12 12 12h40c6.6 0 12-5.4 12-12zm192 0v-40c0-6.6-5.4-12-12-12h-40c-6.6 0-12 5.4-12 12v40c0 6.6 5.4 12 12 12h40c6.6 0 12-5.4 12-12zm96-260v352c0 26.5-21.5 48-48 48H48c-26.5 0-48-21.5-48-48V112c0-26.5 21.5-48 48-48h48V12c0-6.6 5.4-12 12-12h40c6.6 0 12 5.4 12 12v52h128V12c0-6.6 5.4-12 12-12h40c6.6 0 12 5.4 12 12v52h48c26.5 0 48 21.5 48 48zm-48 346V160H48v298c0 3.3 2.7 6 6 6h340c3.3 0 6-2.7 6-6z\"><\/path><\/svg><\/span><span class=\"gb-text\">\u0646\u0648\u0641\u0645\u0628\u0631 29, 2020<\/span><\/p>\n<\/div>\n<\/div>\n\n<div class=\"gb-loop-item gb-loop-item-3ec2905c post-326 post type-post status-publish format-standard has-post-thumbnail hentry category-artisanat-marocain resize-featured-image\">\n<div class=\"gb-element-c3551100\">\n<a href=\"https:\/\/homaroc.com\/ar\/artisanat-culture-marocaine\/\"><img loading=\"lazy\" decoding=\"async\" width=\"150\" height=\"150\" alt=\"White tea cup\" data-media-id=\"327\" class=\"gb-media-f275b020\" src=\"https:\/\/homaroc.com\/wp-content\/uploads\/2020\/09\/white-tea-cup-150x150.jpg\"\/><\/a>\n<\/div>\n\n\n\n<div class=\"gb-element-40730666\">\n<h4 class=\"gb-text gb-text-c4e85daa\"><a href=\"https:\/\/homaroc.com\/ar\/artisanat-culture-marocaine\/\">Pourquoi l\u2019artisanat est central dans la culture marocaine<\/a><\/h4>\n\n\n\n<p class=\"gb-text-636af6f6\"><span class=\"gb-shape\"><svg aria-hidden=\"true\" role=\"img\" height=\"1em\" width=\"1em\" viewbox=\"0 0 448 512\" xmlns=\"http:\/\/www.w3.org\/2000\/svg\"><path fill=\"currentColor\" d=\"M148 288h-40c-6.6 0-12-5.4-12-12v-40c0-6.6 5.4-12 12-12h40c6.6 0 12 5.4 12 12v40c0 6.6-5.4 12-12 12zm108-12v-40c0-6.6-5.4-12-12-12h-40c-6.6 0-12 5.4-12 12v40c0 6.6 5.4 12 12 12h40c6.6 0 12-5.4 12-12zm96 0v-40c0-6.6-5.4-12-12-12h-40c-6.6 0-12 5.4-12 12v40c0 6.6 5.4 12 12 12h40c6.6 0 12-5.4 12-12zm-96 96v-40c0-6.6-5.4-12-12-12h-40c-6.6 0-12 5.4-12 12v40c0 6.6 5.4 12 12 12h40c6.6 0 12-5.4 12-12zm-96 0v-40c0-6.6-5.4-12-12-12h-40c-6.6 0-12 5.4-12 12v40c0 6.6 5.4 12 12 12h40c6.6 0 12-5.4 12-12zm192 0v-40c0-6.6-5.4-12-12-12h-40c-6.6 0-12 5.4-12 12v40c0 6.6 5.4 12 12 12h40c6.6 0 12-5.4 12-12zm96-260v352c0 26.5-21.5 48-48 48H48c-26.5 0-48-21.5-48-48V112c0-26.5 21.5-48 48-48h48V12c0-6.6 5.4-12 12-12h40c6.6 0 12 5.4 12 12v52h128V12c0-6.6 5.4-12 12-12h40c6.6 0 12 5.4 12 12v52h48c26.5 0 48 21.5 48 48zm-48 346V160H48v298c0 3.3 2.7 6 6 6h340c3.3 0 6-2.7 6-6z\"><\/path><\/svg><\/span><span class=\"gb-text\">\u0633\u0628\u062a\u0645\u0628\u0631 29, 2020<\/span><\/p>\n<\/div>\n<\/div>\n\n<div class=\"gb-loop-item gb-loop-item-3ec2905c post-2512 post type-post status-publish format-standard has-post-thumbnail hentry category-artisanat-marocain resize-featured-image\">\n<div class=\"gb-element-c3551100\">\n<a href=\"https:\/\/homaroc.com\/ar\/objets-artisanaux-maison-marocaine\/\"><img loading=\"lazy\" decoding=\"async\" width=\"150\" height=\"150\" alt=\"Plasma\" data-media-id=\"248\" class=\"gb-media-f275b020\" src=\"https:\/\/homaroc.com\/wp-content\/uploads\/2020\/09\/plasma-150x150.jpg\"\/><\/a>\n<\/div>\n\n\n\n<div class=\"gb-element-40730666\">\n<h4 class=\"gb-text gb-text-c4e85daa\"><a href=\"https:\/\/homaroc.com\/ar\/objets-artisanaux-maison-marocaine\/\">Les objets artisanaux les plus utilis\u00e9s dans les maisons marocaines<\/a><\/h4>\n\n\n\n<p class=\"gb-text-636af6f6\"><span class=\"gb-shape\"><svg aria-hidden=\"true\" role=\"img\" height=\"1em\" width=\"1em\" viewbox=\"0 0 448 512\" xmlns=\"http:\/\/www.w3.org\/2000\/svg\"><path fill=\"currentColor\" d=\"M148 288h-40c-6.6 0-12-5.4-12-12v-40c0-6.6 5.4-12 12-12h40c6.6 0 12 5.4 12 12v40c0 6.6-5.4 12-12 12zm108-12v-40c0-6.6-5.4-12-12-12h-40c-6.6 0-12 5.4-12 12v40c0 6.6 5.4 12 12 12h40c6.6 0 12-5.4 12-12zm96 0v-40c0-6.6-5.4-12-12-12h-40c-6.6 0-12 5.4-12 12v40c0 6.6 5.4 12 12 12h40c6.6 0 12-5.4 12-12zm-96 96v-40c0-6.6-5.4-12-12-12h-40c-6.6 0-12 5.4-12 12v40c0 6.6 5.4 12 12 12h40c6.6 0 12-5.4 12-12zm-96 0v-40c0-6.6-5.4-12-12-12h-40c-6.6 0-12 5.4-12 12v40c0 6.6 5.4 12 12 12h40c6.6 0 12-5.4 12-12zm192 0v-40c0-6.6-5.4-12-12-12h-40c-6.6 0-12 5.4-12 12v40c0 6.6 5.4 12 12 12h40c6.6 0 12-5.4 12-12zm96-260v352c0 26.5-21.5 48-48 48H48c-26.5 0-48-21.5-48-48V112c0-26.5 21.5-48 48-48h48V12c0-6.6 5.4-12 12-12h40c6.6 0 12 5.4 12 12v52h128V12c0-6.6 5.4-12 12-12h40c6.6 0 12 5.4 12 12v52h48c26.5 0 48 21.5 48 48zm-48 346V160H48v298c0 3.3 2.7 6 6 6h340c3.3 0 6-2.7 6-6z\"><\/path><\/svg><\/span><span class=\"gb-text\">\u0633\u0628\u062a\u0645\u0628\u0631 29, 2020<\/span><\/p>\n<\/div>\n<\/div>\n<\/div><\/div>\n<\/div>\n<\/div>\n<\/section>","protected":false},"excerpt":{"rendered":"<p>LIFESTYLE Entertainment Community<\/p>","protected":false},"author":0,"featured_media":0,"parent":0,"menu_order":0,"comment_status":"closed","ping_status":"closed","template":"","meta":{"footnotes":""},"class_list":["post-133","page","type-page","status-publish"],"_links":{"self":[{"href":"https:\/\/homaroc.com\/ar\/wp-json\/wp\/v2\/pages\/133","targetHints":{"allow":["GET"]}}],"collection":[{"href":"https:\/\/homaroc.com\/ar\/wp-json\/wp\/v2\/pages"}],"about":[{"href":"https:\/\/homaroc.com\/ar\/wp-json\/wp\/v2\/types\/page"}],"replies":[{"embeddable":true,"href":"https:\/\/homaroc.com\/ar\/wp-json\/wp\/v2\/comments?post=133"}],"version-history":[{"count":1,"href":"https:\/\/homaroc.com\/ar\/wp-json\/wp\/v2\/pages\/133\/revisions"}],"predecessor-version":[{"id":2972,"href":"https:\/\/homaroc.com\/ar\/wp-json\/wp\/v2\/pages\/133\/revisions\/2972"}],"wp:attachment":[{"href":"https:\/\/homaroc.com\/ar\/wp-json\/wp\/v2\/media?parent=133"}],"curies":[{"name":"wp","href":"https:\/\/api.w.org\/{rel}","templated":true}]}}